{"id":1616,"date":"2023-11-20T21:53:25","date_gmt":"2023-11-20T20:53:25","guid":{"rendered":"https:\/\/palazzomaffeiverona.com\/?page_id=1616"},"modified":"2025-07-17T16:17:41","modified_gmt":"2025-07-17T14:17:41","slug":"collection-carlon-palazzo-maffei-verona","status":"publish","type":"page","link":"https:\/\/palazzomaffeiverona.com\/fr\/collection\/collection-carlon-palazzo-maffei-verona\/","title":{"rendered":"Collection"},"content":{"rendered":"","protected":false},"excerpt":{"rendered":"","protected":false},"author":1,"featured_media":0,"parent":1589,"menu_order":0,"comment_status":"closed","ping_status":"closed","template":"","meta":{"footnotes":""},"class_list":["post-1616","page","type-page","status-publish","hentry"],"yoast_head":"<!-- This site is optimized with the Yoast SEO plugin v27.1.1 - https:\/\/yoast.com\/product\/yoast-seo-wordpress\/ -->\n<title>Collection - Palazzo Maffei Verona<\/title>\n<meta name=\"description\" content=\"La Collection Carlon du Palazzo Maffei \u00e0 V\u00e9rone est une collection \u00e9clectique, plus de 4 000 ans d\u2019histoire, de l\u2019Antiquit\u00e9 \u00e0 nos jours.\" \/>\n<meta name=\"robots\" content=\"index, follow, max-snippet:-1, max-image-preview:large, max-video-preview:-1\" \/>\n<link rel=\"canonical\" href=\"https:\/\/palazzomaffeiverona.com\/fr\/collection\/collection-carlon-palazzo-maffei-verona\/\" \/>\n<meta property=\"og:locale\" content=\"fr_FR\" \/>\n<meta property=\"og:type\" content=\"article\" \/>\n<meta property=\"og:title\" content=\"Collection - Palazzo Maffei Verona\" \/>\n<meta property=\"og:description\" content=\"La Collection Carlon du Palazzo Maffei \u00e0 V\u00e9rone est une collection \u00e9clectique, plus de 4 000 ans d\u2019histoire, de l\u2019Antiquit\u00e9 \u00e0 nos jours.\" \/>\n<meta property=\"og:url\" content=\"https:\/\/palazzomaffeiverona.com\/fr\/collection\/collection-carlon-palazzo-maffei-verona\/\" \/>\n<meta property=\"og:site_name\" content=\"Palazzo Maffei Verona\" \/>\n<meta property=\"article:publisher\" content=\"https:\/\/www.facebook.com\/palazzomaffei\/\" \/>\n<meta property=\"article:modified_time\" content=\"2025-07-17T14:17:41+00:00\" \/>\n<meta name=\"twitter:card\" content=\"summary_large_image\" \/>\n<meta name=\"twitter:label1\" content=\"Dur\u00e9e de lecture estim\u00e9e\" \/>\n\t<meta name=\"twitter:data1\" content=\"3 minutes\" \/>\n<script type=\"application\/ld+json\" class=\"yoast-schema-graph\">{\"@context\":\"https:\/\/schema.org\",\"@graph\":[{\"@type\":\"WebPage\",\"@id\":\"https:\/\/palazzomaffeiverona.com\/fr\/collection\/collection-carlon-palazzo-maffei-verona\/\",\"url\":\"https:\/\/palazzomaffeiverona.com\/fr\/collection\/collection-carlon-palazzo-maffei-verona\/\",\"name\":\"Collection - Palazzo Maffei Verona\",\"isPartOf\":{\"@id\":\"https:\/\/palazzomaffeiverona.com\/fr\/#website\"},\"datePublished\":\"2023-11-20T20:53:25+00:00\",\"dateModified\":\"2025-07-17T14:17:41+00:00\",\"description\":\"La Collection Carlon du Palazzo Maffei \u00e0 V\u00e9rone est une collection \u00e9clectique, plus de 4 000 ans d\u2019histoire, de l\u2019Antiquit\u00e9 \u00e0 nos jours.\",\"breadcrumb\":{\"@id\":\"https:\/\/palazzomaffeiverona.com\/fr\/collection\/collection-carlon-palazzo-maffei-verona\/#breadcrumb\"},\"inLanguage\":\"fr-FR\",\"potentialAction\":[{\"@type\":\"ReadAction\",\"target\":[\"https:\/\/palazzomaffeiverona.com\/fr\/collection\/collection-carlon-palazzo-maffei-verona\/\"]}]},{\"@type\":\"BreadcrumbList\",\"@id\":\"https:\/\/palazzomaffeiverona.com\/fr\/collection\/collection-carlon-palazzo-maffei-verona\/#breadcrumb\",\"itemListElement\":[{\"@type\":\"ListItem\",\"position\":1,\"name\":\"Home\",\"item\":\"https:\/\/palazzomaffeiverona.com\/fr\/\"},{\"@type\":\"ListItem\",\"position\":2,\"name\":\"Collection\",\"item\":\"https:\/\/palazzomaffeiverona.com\/fr\/collection\/\"},{\"@type\":\"ListItem\",\"position\":3,\"name\":\"Collection\"}]},{\"@type\":\"WebSite\",\"@id\":\"https:\/\/palazzomaffeiverona.com\/fr\/#website\",\"url\":\"https:\/\/palazzomaffeiverona.com\/fr\/\",\"name\":\"Palazzo Maffei Verona\",\"description\":\"Uno straordinario Museo nel cuore di Verona\",\"publisher\":{\"@id\":\"https:\/\/palazzomaffeiverona.com\/fr\/#organization\"},\"potentialAction\":[{\"@type\":\"SearchAction\",\"target\":{\"@type\":\"EntryPoint\",\"urlTemplate\":\"https:\/\/palazzomaffeiverona.com\/fr\/?s={search_term_string}\"},\"query-input\":{\"@type\":\"PropertyValueSpecification\",\"valueRequired\":true,\"valueName\":\"search_term_string\"}}],\"inLanguage\":\"fr-FR\"},{\"@type\":\"Organization\",\"@id\":\"https:\/\/palazzomaffeiverona.com\/fr\/#organization\",\"name\":\"Palazzo Maffei Verona - Fondazione Carlon\",\"url\":\"https:\/\/palazzomaffeiverona.com\/fr\/\",\"logo\":{\"@type\":\"ImageObject\",\"inLanguage\":\"fr-FR\",\"@id\":\"https:\/\/palazzomaffeiverona.com\/fr\/#\/schema\/logo\/image\/\",\"url\":\"https:\/\/palazzomaffeiverona.com\/wp-content\/uploads\/2025\/02\/logo_new_palazzomaffei_rect.jpg\",\"contentUrl\":\"https:\/\/palazzomaffeiverona.com\/wp-content\/uploads\/2025\/02\/logo_new_palazzomaffei_rect.jpg\",\"width\":1041,\"height\":623,\"caption\":\"Palazzo Maffei Verona - Fondazione Carlon\"},\"image\":{\"@id\":\"https:\/\/palazzomaffeiverona.com\/fr\/#\/schema\/logo\/image\/\"},\"sameAs\":[\"https:\/\/www.facebook.com\/palazzomaffei\/\",\"https:\/\/www.instagram.com\/palazzomaffeiverona\/\",\"https:\/\/www.youtube.com\/channel\/UCZZt2oH_c1l3x-wdgmrYKGQ\"]}]}<\/script>\n<!-- \/ Yoast SEO plugin. -->","yoast_head_json":{"title":"Collection - Palazzo Maffei Verona","description":"La Collection Carlon du Palazzo Maffei \u00e0 V\u00e9rone est une collection \u00e9clectique, plus de 4 000 ans d\u2019histoire, de l\u2019Antiquit\u00e9 \u00e0 nos jours.","robots":{"index":"index","follow":"follow","max-snippet":"max-snippet:-1","max-image-preview":"max-image-preview:large","max-video-preview":"max-video-preview:-1"},"canonical":"https:\/\/palazzomaffeiverona.com\/fr\/collection\/collection-carlon-palazzo-maffei-verona\/","og_locale":"fr_FR","og_type":"article","og_title":"Collection - Palazzo Maffei Verona","og_description":"La Collection Carlon du Palazzo Maffei \u00e0 V\u00e9rone est une collection \u00e9clectique, plus de 4 000 ans d\u2019histoire, de l\u2019Antiquit\u00e9 \u00e0 nos jours.","og_url":"https:\/\/palazzomaffeiverona.com\/fr\/collection\/collection-carlon-palazzo-maffei-verona\/","og_site_name":"Palazzo Maffei Verona","article_publisher":"https:\/\/www.facebook.com\/palazzomaffei\/","article_modified_time":"2025-07-17T14:17:41+00:00","twitter_card":"summary_large_image","twitter_misc":{"Dur\u00e9e de lecture estim\u00e9e":"3 minutes"},"schema":{"@context":"https:\/\/schema.org","@graph":[{"@type":"WebPage","@id":"https:\/\/palazzomaffeiverona.com\/fr\/collection\/collection-carlon-palazzo-maffei-verona\/","url":"https:\/\/palazzomaffeiverona.com\/fr\/collection\/collection-carlon-palazzo-maffei-verona\/","name":"Collection - Palazzo Maffei Verona","isPartOf":{"@id":"https:\/\/palazzomaffeiverona.com\/fr\/#website"},"datePublished":"2023-11-20T20:53:25+00:00","dateModified":"2025-07-17T14:17:41+00:00","description":"La Collection Carlon du Palazzo Maffei \u00e0 V\u00e9rone est une collection \u00e9clectique, plus de 4 000 ans d\u2019histoire, de l\u2019Antiquit\u00e9 \u00e0 nos jours.","breadcrumb":{"@id":"https:\/\/palazzomaffeiverona.com\/fr\/collection\/collection-carlon-palazzo-maffei-verona\/#breadcrumb"},"inLanguage":"fr-FR","potentialAction":[{"@type":"ReadAction","target":["https:\/\/palazzomaffeiverona.com\/fr\/collection\/collection-carlon-palazzo-maffei-verona\/"]}]},{"@type":"BreadcrumbList","@id":"https:\/\/palazzomaffeiverona.com\/fr\/collection\/collection-carlon-palazzo-maffei-verona\/#breadcrumb","itemListElement":[{"@type":"ListItem","position":1,"name":"Home","item":"https:\/\/palazzomaffeiverona.com\/fr\/"},{"@type":"ListItem","position":2,"name":"Collection","item":"https:\/\/palazzomaffeiverona.com\/fr\/collection\/"},{"@type":"ListItem","position":3,"name":"Collection"}]},{"@type":"WebSite","@id":"https:\/\/palazzomaffeiverona.com\/fr\/#website","url":"https:\/\/palazzomaffeiverona.com\/fr\/","name":"Palazzo Maffei Verona","description":"Uno straordinario Museo nel cuore di Verona","publisher":{"@id":"https:\/\/palazzomaffeiverona.com\/fr\/#organization"},"potentialAction":[{"@type":"SearchAction","target":{"@type":"EntryPoint","urlTemplate":"https:\/\/palazzomaffeiverona.com\/fr\/?s={search_term_string}"},"query-input":{"@type":"PropertyValueSpecification","valueRequired":true,"valueName":"search_term_string"}}],"inLanguage":"fr-FR"},{"@type":"Organization","@id":"https:\/\/palazzomaffeiverona.com\/fr\/#organization","name":"Palazzo Maffei Verona - Fondazione Carlon","url":"https:\/\/palazzomaffeiverona.com\/fr\/","logo":{"@type":"ImageObject","inLanguage":"fr-FR","@id":"https:\/\/palazzomaffeiverona.com\/fr\/#\/schema\/logo\/image\/","url":"https:\/\/palazzomaffeiverona.com\/wp-content\/uploads\/2025\/02\/logo_new_palazzomaffei_rect.jpg","contentUrl":"https:\/\/palazzomaffeiverona.com\/wp-content\/uploads\/2025\/02\/logo_new_palazzomaffei_rect.jpg","width":1041,"height":623,"caption":"Palazzo Maffei Verona - Fondazione Carlon"},"image":{"@id":"https:\/\/palazzomaffeiverona.com\/fr\/#\/schema\/logo\/image\/"},"sameAs":["https:\/\/www.facebook.com\/palazzomaffei\/","https:\/\/www.instagram.com\/palazzomaffeiverona\/","https:\/\/www.youtube.com\/channel\/UCZZt2oH_c1l3x-wdgmrYKGQ"]}]}},"_links":{"self":[{"href":"https:\/\/palazzomaffeiverona.com\/fr\/wp-json\/wp\/v2\/pages\/1616","targetHints":{"allow":["GET"]}}],"collection":[{"href":"https:\/\/palazzomaffeiverona.com\/fr\/wp-json\/wp\/v2\/pages"}],"about":[{"href":"https:\/\/palazzomaffeiverona.com\/fr\/wp-json\/wp\/v2\/types\/page"}],"author":[{"embeddable":true,"href":"https:\/\/palazzomaffeiverona.com\/fr\/wp-json\/wp\/v2\/users\/1"}],"replies":[{"embeddable":true,"href":"https:\/\/palazzomaffeiverona.com\/fr\/wp-json\/wp\/v2\/comments?post=1616"}],"version-history":[{"count":1,"href":"https:\/\/palazzomaffeiverona.com\/fr\/wp-json\/wp\/v2\/pages\/1616\/revisions"}],"predecessor-version":[{"id":1632,"href":"https:\/\/palazzomaffeiverona.com\/fr\/wp-json\/wp\/v2\/pages\/1616\/revisions\/1632"}],"up":[{"embeddable":true,"href":"https:\/\/palazzomaffeiverona.com\/fr\/wp-json\/wp\/v2\/pages\/1589"}],"wp:attachment":[{"href":"https:\/\/palazzomaffeiverona.com\/fr\/wp-json\/wp\/v2\/media?parent=1616"}],"curies":[{"name":"wp","href":"https:\/\/api.w.org\/{rel}","templated":true}]}}